{"id":93,"date":"2021-06-16T12:55:45","date_gmt":"2021-06-16T12:55:45","guid":{"rendered":"https:\/\/oneirosformations.be\/?page_id=93"},"modified":"2021-06-16T12:55:45","modified_gmt":"2021-06-16T12:55:45","slug":"hypnose-elmanienne","status":"publish","type":"page","link":"https:\/\/oneirosformations.be\/index.php\/hypnose-elmanienne\/","title":{"rendered":"Hypnose Elmanienne"},"content":{"rendered":"<p>[et_pb_section fb_built=\u00a0\u00bb1&Prime; admin_label=\u00a0\u00bbHero Section\u00a0\u00bb _builder_version=\u00a0\u00bb3.22&Prime; use_background_color_gradient=\u00a0\u00bbon\u00a0\u00bb background_color_gradient_start=\u00a0\u00bb#1bb3eb\u00a0\u00bb background_color_gradient_end=\u00a0\u00bb#25efcb\u00a0\u00bb background_color_gradient_direction=\u00a0\u00bb105deg\u00a0\u00bb custom_padding=\u00a0\u00bb60px|0px|60px|0px\u00a0\u00bb][et_pb_row _builder_version=\u00a0\u00bb3.25&Prime; background_size=\u00a0\u00bbinitial\u00a0\u00bb background_position=\u00a0\u00bbtop_left\u00a0\u00bb background_repeat=\u00a0\u00bbrepeat\u00a0\u00bb][et_pb_column type=\u00a0\u00bb4_4&Prime; _builder_version=\u00a0\u00bb3.25&Prime; custom_padding=\u00a0\u00bb|||\u00a0\u00bb custom_padding__hover=\u00a0\u00bb|||\u00a0\u00bb][et_pb_text _builder_version=\u00a0\u00bb4.9.7&Prime; text_font=\u00a0\u00bbPoppins||||||||\u00a0\u00bb text_text_color=\u00a0\u00bbrgba(255,255,255,0.8)\u00a0\u00bb text_font_size=\u00a0\u00bb18px\u00a0\u00bb text_line_height=\u00a0\u00bb1.8em\u00a0\u00bb header_font=\u00a0\u00bbPoppins|600|||||||\u00a0\u00bb header_text_color=\u00a0\u00bb#ffffff\u00a0\u00bb header_font_size=\u00a0\u00bb48px\u00a0\u00bb header_line_height=\u00a0\u00bb1.4em\u00a0\u00bb header_3_font=\u00a0\u00bbPoppins|600|||||||\u00a0\u00bb header_3_font_size=\u00a0\u00bb36px\u00a0\u00bb header_3_line_height=\u00a0\u00bb1.4em\u00a0\u00bb background_layout=\u00a0\u00bbdark\u00a0\u00bb max_width=\u00a0\u00bb602px\u00a0\u00bb module_alignment=\u00a0\u00bbleft\u00a0\u00bb custom_margin=\u00a0\u00bb|||\u00a0\u00bb hover_enabled=\u00a0\u00bb0&Prime; locked=\u00a0\u00bboff\u00a0\u00bb sticky_enabled=\u00a0\u00bb0&Prime;]<\/p>\n<h1>Hypnose Elmanienne<\/h1>\n<p>[\/et_pb_text][\/et_pb_column][\/et_pb_row][\/et_pb_section][et_pb_section fb_built=\u00a0\u00bb1&Prime; admin_label=\u00a0\u00bbAbout Us Section\u00a0\u00bb _builder_version=\u00a0\u00bb3.22&Prime; custom_padding=\u00a0\u00bb110px|0px|110px|0px\u00a0\u00bb][et_pb_row _builder_version=\u00a0\u00bb4.9.7&Prime; _module_preset=\u00a0\u00bbdefault\u00a0\u00bb][et_pb_column _builder_version=\u00a0\u00bb4.9.7&Prime; _module_preset=\u00a0\u00bbdefault\u00a0\u00bb type=\u00a0\u00bb4_4&Prime;][et_pb_text _builder_version=\u00a0\u00bb4.9.7&Prime; _module_preset=\u00a0\u00bbdefault\u00a0\u00bb hover_enabled=\u00a0\u00bb0&Prime; sticky_enabled=\u00a0\u00bb0&Prime;] Ces cycles de formations ont pour but de vous faire d\u00e9couvrir et de vous former \u00e0 une hypnose \u00e0 tendance elmanienne. L&rsquo;hypnose elmanienne a l\u2019avantage d\u2019\u00eatre plus directe et plus responsabilisante et participative que l\u2019hypnose ericksonnienne.<\/p>\n<p>\u200bCette formation a pour but de transmettre une vision diff\u00e9rente de l\u2019hypnose et \u00e9galement d\u2019assurer une maitrise de tous les outils th\u00e9rapeutiques n\u00e9cessaires \u00e0 provoquer des changements rapides et durables. Elle combine une approche directe, moderne et \u00e9volutive de l\u2019hypnose ainsi qu\u2019une posture du praticien directement inspir\u00e9e des th\u00e9rapies br\u00e8ves et de la vision d\u2019Erickson.<\/p>\n<p>Remarque : des s\u00e9ances d\u2019informations seront organis\u00e9es r\u00e9guli\u00e8rement [\/et_pb_text][\/et_pb_column][\/et_pb_row][et_pb_row _builder_version=\u00a0\u00bb3.25&Prime; custom_padding=\u00a0\u00bb|||\u00a0\u00bb locked=\u00a0\u00bboff\u00a0\u00bb][et_pb_column type=\u00a0\u00bb4_4&Prime; _builder_version=\u00a0\u00bb3.25&Prime; custom_padding=\u00a0\u00bb|||\u00a0\u00bb custom_padding__hover=\u00a0\u00bb|||\u00a0\u00bb][et_pb_text _builder_version=\u00a0\u00bb4.9.7&Prime; text_font=\u00a0\u00bb||||||||\u00a0\u00bb header_font=\u00a0\u00bb||||||||\u00a0\u00bb header_3_font=\u00a0\u00bbPoppins|600|||||||\u00a0\u00bb header_3_text_color=\u00a0\u00bb#44d89e\u00a0\u00bb header_3_font_size=\u00a0\u00bb36px\u00a0\u00bb header_3_line_height=\u00a0\u00bb1.4em\u00a0\u00bb hover_enabled=\u00a0\u00bb0&Prime; sticky_enabled=\u00a0\u00bb0&Prime;]<\/p>\n<h2>Hypnose ?<\/h2>\n<p>[\/et_pb_text][et_pb_text _builder_version=\u00a0\u00bb4.9.7&Prime; text_font=\u00a0\u00bbOpen Sans||||||||\u00a0\u00bb text_text_color=\u00a0\u00bb#486066&Prime; text_font_size=\u00a0\u00bb15px\u00a0\u00bb text_line_height=\u00a0\u00bb1.8em\u00a0\u00bb header_font=\u00a0\u00bb||||||||\u00a0\u00bb custom_margin=\u00a0\u00bb||60px|\u00a0\u00bb hover_enabled=\u00a0\u00bb0&Prime; sticky_enabled=\u00a0\u00bb0&Prime;]<\/p>\n<p>L&rsquo;hypnose est souvent consid\u00e9r\u00e9e comme un \u00e9tat modifi\u00e9 de conscience ce qui soul\u00e8ve quelques questions. En effet qu&rsquo;est-ce qu&rsquo;un \u00e9tat dit \u00ab\u00a0normal\u00a0\u00bb de conscience ? Est-on au moins dans ce fameux \u00e9tat \u00ab\u00a0normal\u00a0\u00bb ? D&rsquo;une certaine mani\u00e8re, toute \u00e9motion entra\u00eene automatiquement une modification de l\u2019\u00e9tat de conscience. Milton Erickson \u00e9voquait d&rsquo;ailleurs les transes spontan\u00e9es quotidiennes. Des \u00e9tats que nous pouvons vivre par exemple, lorsque nous avons la t\u00eate dans les nuages. En moyenne, nous traversons ce type d\u2019\u00e9tat hypnotique chaque jour toutes les 90 \u00e0 100 minutes.<\/p>\n<p>\u200bEn hypnose Elmanienne, nous consid\u00e9rons que l&rsquo;\u00e9tat de transe n&rsquo;est pas qu&rsquo;un \u00e9tat modifi\u00e9 de conscience. Ce qui fait l&rsquo;\u00e9tat de transe hypnotique en th\u00e9rapie, c\u2019est le contournement du facteur critique de l\u2019esprit conscient et la mise en place d\u2019une id\u00e9e acceptable.<\/p>\n<p>\u200b<span style=\"text-decoration: underline;\">Mais du coup, qu&rsquo;est-ce que le facteur critique ?<\/span><br \/>Le facteur critique est en quelque sorte le garde du corps du subconscient qui pourrait s&rsquo;apparenter \u00e0 notre jugement critique. Pour caricaturer la situation, pour accepter une suggestion, si nous voulons qu&rsquo;elle ait un impact, nous devons l&rsquo;accepter sans la critiquer ou la remettre en question.<\/p>\n<p>[\/et_pb_text][\/et_pb_column][\/et_pb_row][et_pb_row _builder_version=\u00a0\u00bb3.25&Prime; custom_padding=\u00a0\u00bb|||\u00a0\u00bb locked=\u00a0\u00bboff\u00a0\u00bb][et_pb_column type=\u00a0\u00bb4_4&Prime; _builder_version=\u00a0\u00bb3.25&Prime; custom_padding=\u00a0\u00bb|||\u00a0\u00bb custom_padding__hover=\u00a0\u00bb|||\u00a0\u00bb][et_pb_text _builder_version=\u00a0\u00bb4.9.7&Prime; text_font=\u00a0\u00bb||||||||\u00a0\u00bb header_font=\u00a0\u00bb||||||||\u00a0\u00bb header_3_font=\u00a0\u00bbPoppins|600|||||||\u00a0\u00bb header_3_text_color=\u00a0\u00bb#44d89e\u00a0\u00bb header_3_font_size=\u00a0\u00bb36px\u00a0\u00bb header_3_line_height=\u00a0\u00bb1.4em\u00a0\u00bb hover_enabled=\u00a0\u00bb0&Prime; sticky_enabled=\u00a0\u00bb0&Prime;]<\/p>\n<h2>Diff\u00e9rentes formes d&rsquo;hypnose<\/h2>\n<p>[\/et_pb_text][et_pb_text _builder_version=\u00a0\u00bb4.9.7&Prime; text_font=\u00a0\u00bbOpen Sans||||||||\u00a0\u00bb text_text_color=\u00a0\u00bb#486066&Prime; text_font_size=\u00a0\u00bb15px\u00a0\u00bb text_line_height=\u00a0\u00bb1.8em\u00a0\u00bb header_font=\u00a0\u00bb||||||||\u00a0\u00bb custom_margin=\u00a0\u00bb||60px|\u00a0\u00bb hover_enabled=\u00a0\u00bb0&Prime; sticky_enabled=\u00a0\u00bb0&Prime;]Ericksonienne, nouvelle hypnose, elmanienne, hyperempiria, &#8230;[\/et_pb_text][et_pb_text _builder_version=\u00a0\u00bb4.9.7&Prime; text_font=\u00a0\u00bbOpen Sans||||||||\u00a0\u00bb text_text_color=\u00a0\u00bb#486066&Prime; text_font_size=\u00a0\u00bb15px\u00a0\u00bb text_line_height=\u00a0\u00bb1.8em\u00a0\u00bb header_font=\u00a0\u00bb||||||||\u00a0\u00bb custom_margin=\u00a0\u00bb||60px|\u00a0\u00bb hover_enabled=\u00a0\u00bb0&Prime; sticky_enabled=\u00a0\u00bb0&Prime;]<\/p>\n<p>Voici les diff\u00e9rences fondamentales entre les diff\u00e9rentes formes d\u2019hypnose :<\/p>\n<p>&nbsp;<\/p>\n<ul>\n<li>La conception de l\u2019hypnose ericksonienne est aux antipodes des pratiques ant\u00e9rieures tr\u00e8s directives (tout comme l\u2019hypnose de spectacle). L\u2019objectif principal \u00e9tant de flouer l\u2019esprit conscient du patient afin de faire \u00e9merger des changements au sein du subconscient\/inconscient qui est consid\u00e9r\u00e9 comme bienveillant et tout puissant.<\/li>\n<\/ul>\n<ul>\n<li>Le terme \u201cnouvelle hypnose\u201d a \u00e9t\u00e9 introduit par le professeur D. ARAOZ (New-York) dans le but de diff\u00e9rencier cette pratique de l\u2019hypnose \u201ctraditionnelle\u201d. La nouvelle hypnose peut \u00eatre consid\u00e9r\u00e9e comme la continuit\u00e9 de l\u2019hypnose ericksonienne. Les points principaux sont la volont\u00e9 de collaboration avec le patient, consid\u00e9r\u00e9 comme expert de son probl\u00e8me, mais surtout car il est lui-m\u00eame d\u00e9tenteur des ressources et solutions. De plus, il y a l\u2019int\u00e9gration de techniques cognitivo-comportementales.<\/li>\n<\/ul>\n<ul>\n<li>L\u2019hypnose elmanienne s\u2019oriente dans une autre vision de cette discipline qu\u2019est l\u2019hypnose notamment en prenant en compte l\u2019importance de l\u2019\u00e9tat (ou la profondeur) de transe dans laquelle est le patient. Cette notion est consid\u00e9r\u00e9e comme inutile en hypnose ericksonnienne mais montre son importance pour tous les outils que nous utilisons. Contrairement \u00e0 l\u2019hypnose ericksonienne, l\u2019orientation elmanienne consid\u00e8re l\u2019esprit conscient comme un alli\u00e9 responsable des changements produits au niveau de notre subconscient.<\/li>\n<\/ul>\n<ul>\n<li>L\u2019hyperempiria, quant \u00e0 elle, est une forme d\u2019induction d\u00e9velopp\u00e9e par Don E. Gibbons. L\u2019objectif de cette transe est de d\u00e9velopper les capacit\u00e9s d\u2019une personne \u00e0 ressentir et vivre de nouvelles perceptions au travers d\u2019une transe. Au contraire d\u2019une transe traditionnelle o\u00f9 nous allons travailler la profondeur, ici nous travaillons en expansion de transe et du potentiel de la personne. Son nom est inspir\u00e9 du grec pour repr\u00e9senter au mieux l\u2019\u00e9tat dans lequel on emm\u00e8ne un patient. Le terme provient de la combinaison de \u00ab hyper \u00bb et \u00ab empiria \u00bb qui caract\u00e9rise bien ce que vit le patient. Pendant longtemps, la transe hypnotique a \u00e9t\u00e9 consid\u00e9r\u00e9e comme un \u00e9tat de focus interne et le Dr Don Gibbons nous a prouv\u00e9 le contraire.<\/li>\n<\/ul>\n<p>[\/et_pb_text][\/et_pb_column][\/et_pb_row][et_pb_row _builder_version=\u00a0\u00bb3.25&Prime; custom_padding=\u00a0\u00bb|||\u00a0\u00bb locked=\u00a0\u00bboff\u00a0\u00bb][et_pb_column type=\u00a0\u00bb4_4&Prime; _builder_version=\u00a0\u00bb3.25&Prime; custom_padding=\u00a0\u00bb|||\u00a0\u00bb custom_padding__hover=\u00a0\u00bb|||\u00a0\u00bb][et_pb_text _builder_version=\u00a0\u00bb4.9.7&Prime; text_font=\u00a0\u00bb||||||||\u00a0\u00bb header_font=\u00a0\u00bb||||||||\u00a0\u00bb header_3_font=\u00a0\u00bbPoppins|600|||||||\u00a0\u00bb header_3_text_color=\u00a0\u00bb#44d89e\u00a0\u00bb header_3_font_size=\u00a0\u00bb36px\u00a0\u00bb header_3_line_height=\u00a0\u00bb1.4em\u00a0\u00bb hover_enabled=\u00a0\u00bb0&Prime; sticky_enabled=\u00a0\u00bb0&Prime;]<\/p>\n<h2>Un peu d&rsquo;histoire<\/h2>\n<p>[\/et_pb_text][et_pb_text _builder_version=\u00a0\u00bb4.9.7&Prime; text_font=\u00a0\u00bb||||||||\u00a0\u00bb header_font=\u00a0\u00bb||||||||\u00a0\u00bb header_3_font=\u00a0\u00bbPoppins|600|||||||\u00a0\u00bb header_3_text_color=\u00a0\u00bb#44d89e\u00a0\u00bb header_3_font_size=\u00a0\u00bb36px\u00a0\u00bb header_3_line_height=\u00a0\u00bb1.4em\u00a0\u00bb hover_enabled=\u00a0\u00bb0&Prime; sticky_enabled=\u00a0\u00bb0&Prime;]<\/p>\n<h3>Qui \u00e9tait Dave Elman ?<\/h3>\n<p>[\/et_pb_text][et_pb_text _builder_version=\u00a0\u00bb4.9.7&Prime; text_font=\u00a0\u00bbOpen Sans||||||||\u00a0\u00bb text_text_color=\u00a0\u00bb#486066&Prime; text_font_size=\u00a0\u00bb15px\u00a0\u00bb text_line_height=\u00a0\u00bb1.8em\u00a0\u00bb header_font=\u00a0\u00bb||||||||\u00a0\u00bb custom_margin=\u00a0\u00bb||60px|\u00a0\u00bb hover_enabled=\u00a0\u00bb0&Prime; sticky_enabled=\u00a0\u00bb0&Prime;]<\/p>\n<p>Dave Elman est n\u00e9 David Kopelman de ses parents Jacob et Lena le 6 mai 1900, dans le Dakota du Nord. En 1902, la famille d\u00e9m\u00e9nage \u00e0 Fargo, o\u00f9 ils ont commenc\u00e9 une entreprise dans la fabrication de perruques, de commutateurs, etc.<\/p>\n<p>En 1906, ils ont d\u00e9m\u00e9nag\u00e9 leur entreprise de perruque au b\u00e2timent Kopelman, qu&rsquo;ils avaient construit. Au sous-sol, ils fournissaient des services pour les femmes juives de la communaut\u00e9.<\/p>\n<p>Peu apr\u00e8s, un cancer a \u00e9t\u00e9 diagnostiqu\u00e9 \u00e0 son p\u00e8re. Quand un ami de la famille a soulag\u00e9 la douleur intense assez rapidement avec l&rsquo;hypnose, Elman s\u2019est mis \u00e0 apprendre ces techniques et a commenc\u00e9 \u00e0 r\u00e9aliser les vastes possibilit\u00e9s de l&rsquo;hypnose dans le soulagement de la douleur en dehors des proc\u00e9dures m\u00e9dicales traditionnelles.<br \/>Jacob est mort en Novembre 1908, laissant sa femme et ses six enfants. Au d\u00e9but de son adolescence, Elman a travaill\u00e9 de petits boulots pour aider la famille. Il \u00e9tait un musicien de talent au saxophone et au violon, et a utilis\u00e9 sa vivacit\u00e9 d&rsquo;esprit et l&rsquo;amour du divertissement pour d\u00e9velopper ses techniques.<\/p>\n<p>En 1949, lors d&rsquo;une discussion avec un ami m\u00e9decin, Dave lui fit une d\u00e9monstration de ses capacit\u00e9s \u00e0 contr\u00f4ler les douleurs gr\u00e2ce \u00e0 l&rsquo;hypnose. Impressionn\u00e9, il lui demanda d&rsquo;organiser un cours d&rsquo;hypnose pour des coll\u00e8gues m\u00e9decins, dentistes et psychologues. Ces derniers donnaient des feedbacks r\u00e9guliers \u00e0 Dave Elman et lui faisaient part de leurs exp\u00e9riences avec l&rsquo;hypnose dans leur application m\u00e9dicale. Jusqu&rsquo;\u00e0 sa mort, il enseigna l&rsquo;hypnose \u00e0 des milliers de m\u00e9decins. Les m\u00e9thodes d\u00e9velopp\u00e9es par Dave Elman \u00e0 cette \u00e9poque sont consid\u00e9r\u00e9es comme de grands classiques de l&rsquo;hypnose m\u00e9dicale et de l&rsquo;hypnoth\u00e9rapie moderne.<\/p>\n<p>[\/et_pb_text][\/et_pb_column][\/et_pb_row][\/et_pb_section]<\/p>\n","protected":false},"excerpt":{"rendered":"<p>Hypnose Elmanienne Ces cycles de formations ont pour but de vous faire d\u00e9couvrir et de vous former \u00e0 une hypnose \u00e0 tendance elmanienne. L&rsquo;hypnose elmanienne a l\u2019avantage d\u2019\u00eatre plus directe et plus responsabilisante et participative que l\u2019hypnose ericksonnienne. \u200bCette formation a pour but de transmettre une vision diff\u00e9rente de l\u2019hypnose et \u00e9galement d\u2019assurer une maitrise [&hellip;]<\/p>\n","protected":false},"author":1,"featured_media":0,"parent":0,"menu_order":0,"comment_status":"closed","ping_status":"closed","template":"","meta":{"_et_pb_use_builder":"on","_et_pb_old_content":"","_et_gb_content_width":""},"acf":[],"_links":{"self":[{"href":"https:\/\/oneirosformations.be\/index.php\/wp-json\/wp\/v2\/pages\/93"}],"collection":[{"href":"https:\/\/oneirosformations.be\/index.php\/wp-json\/wp\/v2\/pages"}],"about":[{"href":"https:\/\/oneirosformations.be\/index.php\/wp-json\/wp\/v2\/types\/page"}],"author":[{"embeddable":true,"href":"https:\/\/oneirosformations.be\/index.php\/wp-json\/wp\/v2\/users\/1"}],"replies":[{"embeddable":true,"href":"https:\/\/oneirosformations.be\/index.php\/wp-json\/wp\/v2\/comments?post=93"}],"version-history":[{"count":3,"href":"https:\/\/oneirosformations.be\/index.php\/wp-json\/wp\/v2\/pages\/93\/revisions"}],"predecessor-version":[{"id":102,"href":"https:\/\/oneirosformations.be\/index.php\/wp-json\/wp\/v2\/pages\/93\/revisions\/102"}],"wp:attachment":[{"href":"https:\/\/oneirosformations.be\/index.php\/wp-json\/wp\/v2\/media?parent=93"}],"curies":[{"name":"wp","href":"https:\/\/api.w.org\/{rel}","templated":true}]}}